{"id":2851,"date":"2017-02-05T08:57:32","date_gmt":"2017-02-05T08:57:32","guid":{"rendered":"http:\/\/inhunt.fi\/en\/?page_id=2851"},"modified":"2025-12-04T08:05:49","modified_gmt":"2025-12-04T06:05:49","slug":"about-us","status":"publish","type":"page","link":"https:\/\/inhunt.fi\/en\/about-us\/","title":{"rendered":"About Us"},"content":{"rendered":"\t\t<div data-elementor-type=\"wp-page\" data-elementor-id=\"2851\" class=\"elementor elementor-2851 elementor-2845\" data-elementor-post-type=\"page\">\n\t\t\t\t\t\t<section class=\"elementor-section elementor-top-section elementor-element elementor-element-3c6646f8 elementor-section-height-min-height elementor-section-full_width elementor-section-stretched elementor-section-height-default elementor-section-items-middle\" data-id=\"3c6646f8\" data-element_type=\"section\" data-settings=\"{&quot;background_background&quot;:&quot;classic&quot;,&quot;stretch_section&quot;:&quot;section-stretched&quot;,&quot;sticky&quot;:&quot;bottom&quot;,&quot;sticky_effects_offset&quot;:10,&quot;animation&quot;:&quot;none&quot;,&quot;sticky_on&quot;:[&quot;desktop&quot;,&quot;tablet&quot;,&quot;mobile&quot;],&quot;sticky_offset&quot;:0,&quot;sticky_anchor_link_offset&quot;:0}\">\n\t\t\t\t\t\t\t<div class=\"elementor-background-overlay\"><\/div>\n\t\t\t\t\t\t\t<div class=\"elementor-container elementor-column-gap-extended\">\n\t\t\t\t\t<div class=\"elementor-column elementor-col-100 elementor-top-column elementor-element elementor-element-56ed5eef\" data-id=\"56ed5eef\" data-element_type=\"column\">\n\t\t\t<div class=\"elementor-widget-wrap elementor-element-populated\">\n\t\t\t\t\t\t<div class=\"elementor-element elementor-element-d65858a elementor-widget elementor-widget-heading\" data-id=\"d65858a\" data-element_type=\"widget\" data-widget_type=\"heading.default\">\n\t\t\t\t<div class=\"elementor-widget-container\">\n\t\t\t\t\t<h1 class=\"elementor-heading-title elementor-size-default\">About us<\/h1>\t\t\t\t<\/div>\n\t\t\t\t<\/div>\n\t\t\t\t<div class=\"elementor-element elementor-element-339dc087 elementor-hidden-mobile elementor-widget elementor-widget-heading\" data-id=\"339dc087\" data-element_type=\"widget\" data-widget_type=\"heading.default\">\n\t\t\t\t<div class=\"elementor-widget-container\">\n\t\t\t\t\t<h2 class=\"elementor-heading-title elementor-size-default\">Recruitment coming?<\/h2>\t\t\t\t<\/div>\n\t\t\t\t<\/div>\n\t\t\t\t<div class=\"elementor-element elementor-element-628446b2 elementor-hidden-mobile elementor-widget elementor-widget-text-editor\" data-id=\"628446b2\" data-element_type=\"widget\" data-widget_type=\"text-editor.default\">\n\t\t\t\t<div class=\"elementor-widget-container\">\n\t\t\t\t\t\t\t\t\t<p style=\"text-align: center;\">Our team is eager to help you! Contact us and we will answer you in 24h. <br>This service is for employers.<br><\/p>\t\t\t\t\t\t\t\t<\/div>\n\t\t\t\t<\/div>\n\t\t\t\t<div class=\"elementor-element elementor-element-44b86d03 elementor-align-center elementor-widget elementor-widget-button\" data-id=\"44b86d03\" data-element_type=\"widget\" data-widget_type=\"button.default\">\n\t\t\t\t<div class=\"elementor-widget-container\">\n\t\t\t\t\t\t\t\t\t<div class=\"elementor-button-wrapper\">\n\t\t\t\t\t<a class=\"elementor-button elementor-button-link elementor-size-lg\" href=\"#contact-form\">\n\t\t\t\t\t\t<span class=\"elementor-button-content-wrapper\">\n\t\t\t\t\t\t\t\t\t<span class=\"elementor-button-text\">CONTACT US<\/span>\n\t\t\t\t\t<\/span>\n\t\t\t\t\t<\/a>\n\t\t\t\t<\/div>\n\t\t\t\t\t\t\t\t<\/div>\n\t\t\t\t<\/div>\n\t\t\t\t\t<\/div>\n\t\t<\/div>\n\t\t\t\t\t<\/div>\n\t\t<\/section>\n\t\t\t\t<section class=\"elementor-section elementor-top-section elementor-element elementor-element-7a025bbb elementor-section-boxed elementor-section-height-default elementor-section-height-default\" data-id=\"7a025bbb\" data-element_type=\"section\">\n\t\t\t\t\t\t<div class=\"elementor-container elementor-column-gap-default\">\n\t\t\t\t\t<div class=\"elementor-column elementor-col-100 elementor-top-column elementor-element elementor-element-65fd1209\" data-id=\"65fd1209\" data-element_type=\"column\">\n\t\t\t<div class=\"elementor-widget-wrap elementor-element-populated\">\n\t\t\t\t\t\t<div class=\"elementor-element elementor-element-f0ceb96 elementor-widget elementor-widget-ucaddon_timeline_bullets\" data-id=\"f0ceb96\" data-element_type=\"widget\" data-widget_type=\"ucaddon_timeline_bullets.default\">\n\t\t\t\t<div class=\"elementor-widget-container\">\n\t\t\t\t\t\n<!-- start Timeline Bullets -->\n\t\t<link id='font-awesome-css' href='https:\/\/inhunt.fi\/wp-content\/plugins\/unlimited-elements-for-elementor-premium\/assets_libraries\/font-awesome6\/fontawesome-all.min.css' type='text\/css' rel='stylesheet' >\n\t\t<link id='font-awesome-4-shim-css' href='https:\/\/inhunt.fi\/wp-content\/plugins\/unlimited-elements-for-elementor-premium\/assets_libraries\/font-awesome6\/fontawesome-v4-shims.min.css' type='text\/css' rel='stylesheet' >\n\n<style>\/* widget: Timeline Bullets *\/\n\n#uc_timeline_bullets_elementor_f0ceb96 .ue_item\n{\n  display:flex;\n  position:relative;\n}\n\n#uc_timeline_bullets_elementor_f0ceb96 .ue_item_icon\n{\n \n  display:flex;\n  align-items:center;\n  justify-content:center;\n  flex-grow:0;\n  flex-shrink:0;\n  line-height:1em;\n  overflow:hidden;\n}\n\n#uc_timeline_bullets_elementor_f0ceb96 .ue_item_icon img\n{\n  object-fit: cover;\n}\n\n#uc_timeline_bullets_elementor_f0ceb96 .ue_item_icon svg\n{\n \n  height:1em;\n  width:1em;\n}\n\n#uc_timeline_bullets_elementor_f0ceb96 .ue_item_spacer\n{\n  flex-grow:0;\n  flex-shrink:0;\n}\n\n#uc_timeline_bullets_elementor_f0ceb96 .ue_item_hr_line\n{\n  \n  flex-grow:0;\n  flex-shrink:0;\n}\n\n#uc_timeline_bullets_elementor_f0ceb96 .ue_item_vr_line\n{\n  height:100%;\n  position:absolute;\n  flex-grow:0;\n  flex-shrink:0;\n}\n\n.ue_item_title\n{\n  font-size:21px;\n}\n\n\n#uc_timeline_bullets_elementor_f0ceb96.uc-remote-parent .ue_item\n{\n  cursor:pointer;\n}\n\n<\/style>\n\n<div id=\"uc_timeline_bullets_elementor_f0ceb96\" class=\"\" >\n <div class=\"ue_item elementor-repeater-item-076281f\">\n    <div class=\"ue_item_vr_line\"><\/div>\n    <div class=\"ue_item_hr_line\"><\/div>\n    <div class=\"ue_item_icon\">\n      <i class='far fa-star'><\/i>                 <\/div>\n    <div class=\"ue_item_spacer\"><\/div>\n    <div class=\"ue_item_content\">\n      <div class=\"ue_item_title\">Largest headhunting company in Finland<\/div>      <div class=\"ue_item_text\">Revenue \u20ac5.7 million in 2023.<\/div>    <\/div>\n  <\/div>\n<div class=\"ue_item elementor-repeater-item-8c358eb\">\n    <div class=\"ue_item_vr_line\"><\/div>\n    <div class=\"ue_item_hr_line\"><\/div>\n    <div class=\"ue_item_icon\">\n      <i class='fas fa-search'><\/i>                 <\/div>\n    <div class=\"ue_item_spacer\"><\/div>\n    <div class=\"ue_item_content\">\n      <div class=\"ue_item_title\">Around 400 headhunting cases per year<\/div>      <div class=\"ue_item_text\">29 % were top executive searches, 31 % were middle management searches, and 40 % were manager and specialist-level searches.<\/div>    <\/div>\n  <\/div>\n<div class=\"ue_item elementor-repeater-item-b4d187d\">\n    <div class=\"ue_item_vr_line\"><\/div>\n    <div class=\"ue_item_hr_line\"><\/div>\n    <div class=\"ue_item_icon\">\n      <i class='fas fa-clipboard-list'><\/i>                 <\/div>\n    <div class=\"ue_item_spacer\"><\/div>\n    <div class=\"ue_item_content\">\n      <div class=\"ue_item_title\">8 offices in Finland<\/div>      <div class=\"ue_item_text\">Helsinki, Lahti, Turku, Tampere, Kuopio, Jyv\u00e4skyl\u00e4, Sein\u00e4joki and Oulu<\/div>    <\/div>\n  <\/div>\n<div class=\"ue_item elementor-repeater-item-8c17e76\">\n    <div class=\"ue_item_vr_line\"><\/div>\n    <div class=\"ue_item_hr_line\"><\/div>\n    <div class=\"ue_item_icon\">\n      <i class='fas fa-users'><\/i>                 <\/div>\n    <div class=\"ue_item_spacer\"><\/div>\n    <div class=\"ue_item_content\">\n      <div class=\"ue_item_title\">+40 headhunters<\/div>      <div class=\"ue_item_text\">Thanks to our great number of specialized headhunters we are able to help our customers and fill the needs in almost every industry and position.<\/div>    <\/div>\n  <\/div>\n<div class=\"ue_item elementor-repeater-item-e59b399\">\n    <div class=\"ue_item_vr_line\"><\/div>\n    <div class=\"ue_item_hr_line\"><\/div>\n    <div class=\"ue_item_icon\">\n      <i class='fas fa-globe-europe'><\/i>                 <\/div>\n    <div class=\"ue_item_spacer\"><\/div>\n    <div class=\"ue_item_content\">\n      <div class=\"ue_item_title\">InHunt World has Partners in over 29 countries<\/div>      <div class=\"ue_item_text\">InHunt Group is also the only Finnish headhunting company that has its own international headhunting network \u2013 InHunt World.<\/div>    <\/div>\n  <\/div>\n<div class=\"ue_item elementor-repeater-item-3a5054e\">\n    <div class=\"ue_item_vr_line\"><\/div>\n    <div class=\"ue_item_hr_line\"><\/div>\n    <div class=\"ue_item_icon\">\n      <i class='fas fa-check'><\/i>                 <\/div>\n    <div class=\"ue_item_spacer\"><\/div>\n    <div class=\"ue_item_content\">\n      <div class=\"ue_item_title\">Top Innovative Staffing Agency<\/div>      <div class=\"ue_item_text\">-category winner at LinkedIn Nordic Talent Awards<\/div>    <\/div>\n  <\/div>\n\n<\/div>\n\n<!-- -->\n<!-- end Timeline Bullets -->\t\t\t\t<\/div>\n\t\t\t\t<\/div>\n\t\t\t\t\t<\/div>\n\t\t<\/div>\n\t\t\t\t\t<\/div>\n\t\t<\/section>\n\t\t\t\t<section class=\"elementor-section elementor-top-section elementor-element elementor-element-40e7bfb5 elementor-section-content-bottom elementor-section-boxed elementor-section-height-default elementor-section-height-default\" data-id=\"40e7bfb5\" data-element_type=\"section\">\n\t\t\t\t\t\t<div class=\"elementor-container elementor-column-gap-no\">\n\t\t\t\t\t<div class=\"elementor-column elementor-col-100 elementor-top-column elementor-element elementor-element-69a8322\" data-id=\"69a8322\" data-element_type=\"column\">\n\t\t\t<div class=\"elementor-widget-wrap elementor-element-populated\">\n\t\t\t\t\t\t<div class=\"elementor-element elementor-element-665a4d3a elementor-widget elementor-widget-text-editor\" data-id=\"665a4d3a\" data-element_type=\"widget\" data-widget_type=\"text-editor.default\">\n\t\t\t\t<div class=\"elementor-widget-container\">\n\t\t\t\t\t\t\t\t\t<p style=\"text-align: center;\">Read more<\/p>\t\t\t\t\t\t\t\t<\/div>\n\t\t\t\t<\/div>\n\t\t\t\t<div class=\"elementor-element elementor-element-1ce1f411 elementor-widget elementor-widget-text-editor\" data-id=\"1ce1f411\" data-element_type=\"widget\" data-widget_type=\"text-editor.default\">\n\t\t\t\t<div class=\"elementor-widget-container\">\n\t\t\t\t\t\t\t\t\t<p style=\"text-align: center;\"><a href=\"\/team\/\"><strong>People &amp; offices<\/strong><\/a><br \/>Take a look and get to know our people and our offices<\/p><p style=\"text-align: center;\"><a href=\"http:\/\/inhuntworld.com\/\" target=\"_blank\" rel=\"noreferrer noopener\"><strong>InHunt World<\/strong><\/a><br \/>Read more about our own international headhunting network<\/p>\t\t\t\t\t\t\t\t<\/div>\n\t\t\t\t<\/div>\n\t\t\t\t\t<\/div>\n\t\t<\/div>\n\t\t\t\t\t<\/div>\n\t\t<\/section>\n\t\t\t\t<\/div>\n\t\t","protected":false},"excerpt":{"rendered":"<p>About us Recruitment coming? Our team is eager to help you! Contact us and we [&hellip;]<\/p>\n","protected":false},"author":3,"featured_media":96530,"parent":0,"menu_order":0,"comment_status":"closed","ping_status":"closed","template":"elementor_header_footer","meta":{"_acf_changed":false,"footnotes":""},"class_list":["post-2851","page","type-page","status-publish","has-post-thumbnail","hentry"],"acf":[],"yoast_head":"<!-- This site is optimized with the Yoast SEO plugin v27.3 - https:\/\/yoast.com\/product\/yoast-seo-wordpress\/ -->\n<title>About Us | InHunt Group - Largest Headhunting Company in Finland<\/title>\n<meta name=\"description\" content=\"Executive Search, Headhunting, Direct Search and Recruitment services in Finland. InHunt Group has eight (8) offices in different locations in Finland.\" \/>\n<meta name=\"robots\" content=\"index, follow, max-snippet:-1, max-image-preview:large, max-video-preview:-1\" \/>\n<link rel=\"canonical\" href=\"https:\/\/inhunt.fi\/en\/about-us\/\" \/>\n<meta property=\"og:locale\" content=\"en_US\" \/>\n<meta property=\"og:type\" content=\"article\" \/>\n<meta property=\"og:title\" content=\"About Us | InHunt Group - Largest Headhunting Company in Finland\" \/>\n<meta property=\"og:description\" content=\"Executive Search, Headhunting, Direct Search and Recruitment services in Finland. InHunt Group has eight (8) offices in different locations in Finland.\" \/>\n<meta property=\"og:url\" content=\"https:\/\/inhunt.fi\/en\/about-us\/\" \/>\n<meta property=\"og:site_name\" content=\"InHunt Group Oy \u2013 Suorahaku, rekrytointi, uudelleensijoitus ja testaus\" \/>\n<meta property=\"article:publisher\" content=\"https:\/\/www.facebook.com\/InHuntGroup\" \/>\n<meta property=\"article:modified_time\" content=\"2025-12-04T06:05:49+00:00\" \/>\n<meta property=\"og:image\" content=\"https:\/\/inhunt.fi\/wp-content\/uploads\/2022\/07\/InHuntGroup_paakuva_1200x630px.jpg\" \/>\n\t<meta property=\"og:image:width\" content=\"1200\" \/>\n\t<meta property=\"og:image:height\" content=\"630\" \/>\n\t<meta property=\"og:image:type\" content=\"image\/jpeg\" \/>\n<meta name=\"twitter:card\" content=\"summary_large_image\" \/>\n<meta name=\"twitter:site\" content=\"@InHuntGroup\" \/>\n<meta name=\"twitter:label1\" content=\"Est. reading time\" \/>\n\t<meta name=\"twitter:data1\" content=\"1 minute\" \/>\n<script type=\"application\/ld+json\" class=\"yoast-schema-graph\">{\"@context\":\"https:\\\/\\\/schema.org\",\"@graph\":[{\"@type\":\"WebPage\",\"@id\":\"https:\\\/\\\/inhunt.fi\\\/en\\\/about-us\\\/\",\"url\":\"https:\\\/\\\/inhunt.fi\\\/en\\\/about-us\\\/\",\"name\":\"About Us | InHunt Group - Largest Headhunting Company in Finland\",\"isPartOf\":{\"@id\":\"https:\\\/\\\/inhunt.fi\\\/en\\\/#website\"},\"primaryImageOfPage\":{\"@id\":\"https:\\\/\\\/inhunt.fi\\\/en\\\/about-us\\\/#primaryimage\"},\"image\":{\"@id\":\"https:\\\/\\\/inhunt.fi\\\/en\\\/about-us\\\/#primaryimage\"},\"thumbnailUrl\":\"https:\\\/\\\/inhunt.fi\\\/wp-content\\\/uploads\\\/2022\\\/07\\\/InHuntGroup_paakuva_1200x630px.jpg\",\"datePublished\":\"2017-02-05T08:57:32+00:00\",\"dateModified\":\"2025-12-04T06:05:49+00:00\",\"description\":\"Executive Search, Headhunting, Direct Search and Recruitment services in Finland. InHunt Group has eight (8) offices in different locations in Finland.\",\"breadcrumb\":{\"@id\":\"https:\\\/\\\/inhunt.fi\\\/en\\\/about-us\\\/#breadcrumb\"},\"inLanguage\":\"en-US\",\"potentialAction\":[{\"@type\":\"ReadAction\",\"target\":[\"https:\\\/\\\/inhunt.fi\\\/en\\\/about-us\\\/\"]}]},{\"@type\":\"ImageObject\",\"inLanguage\":\"en-US\",\"@id\":\"https:\\\/\\\/inhunt.fi\\\/en\\\/about-us\\\/#primaryimage\",\"url\":\"https:\\\/\\\/inhunt.fi\\\/wp-content\\\/uploads\\\/2022\\\/07\\\/InHuntGroup_paakuva_1200x630px.jpg\",\"contentUrl\":\"https:\\\/\\\/inhunt.fi\\\/wp-content\\\/uploads\\\/2022\\\/07\\\/InHuntGroup_paakuva_1200x630px.jpg\",\"width\":1200,\"height\":630,\"caption\":\"InHunt Group Finland | Headhunting, Executive Search, Recruiting\"},{\"@type\":\"BreadcrumbList\",\"@id\":\"https:\\\/\\\/inhunt.fi\\\/en\\\/about-us\\\/#breadcrumb\",\"itemListElement\":[{\"@type\":\"ListItem\",\"position\":1,\"name\":\"Home\",\"item\":\"https:\\\/\\\/inhunt.fi\\\/\"},{\"@type\":\"ListItem\",\"position\":2,\"name\":\"About Us\"}]},{\"@type\":\"WebSite\",\"@id\":\"https:\\\/\\\/inhunt.fi\\\/en\\\/#website\",\"url\":\"https:\\\/\\\/inhunt.fi\\\/en\\\/\",\"name\":\"InHunt Group Oy \u2013 Suorahaku, rekrytointi, uudelleensijoitus ja testaus\",\"description\":\"\",\"publisher\":{\"@id\":\"https:\\\/\\\/inhunt.fi\\\/en\\\/#organization\"},\"inLanguage\":\"en-US\"},{\"@type\":\"Organization\",\"@id\":\"https:\\\/\\\/inhunt.fi\\\/en\\\/#organization\",\"name\":\"InHunt Group\",\"url\":\"https:\\\/\\\/inhunt.fi\\\/en\\\/\",\"logo\":{\"@type\":\"ImageObject\",\"inLanguage\":\"en-US\",\"@id\":\"https:\\\/\\\/inhunt.fi\\\/en\\\/#\\\/schema\\\/logo\\\/image\\\/\",\"url\":\"https:\\\/\\\/inhunt.fi\\\/wp-content\\\/uploads\\\/2022\\\/05\\\/InHunt-Group-kotkalogo.jpg\",\"contentUrl\":\"https:\\\/\\\/inhunt.fi\\\/wp-content\\\/uploads\\\/2022\\\/05\\\/InHunt-Group-kotkalogo.jpg\",\"width\":800,\"height\":566,\"caption\":\"InHunt Group\"},\"image\":{\"@id\":\"https:\\\/\\\/inhunt.fi\\\/en\\\/#\\\/schema\\\/logo\\\/image\\\/\"},\"sameAs\":[\"https:\\\/\\\/www.facebook.com\\\/InHuntGroup\",\"https:\\\/\\\/x.com\\\/InHuntGroup\",\"https:\\\/\\\/www.instagram.com\\\/inhuntgroup\\\/\",\"https:\\\/\\\/www.linkedin.com\\\/company\\\/inhunt-group-oy\\\/\",\"https:\\\/\\\/www.youtube.com\\\/channel\\\/UCT9nZEulrNpPZ9lrOvKMEBg\"]}]}<\/script>\n<!-- \/ Yoast SEO plugin. -->","yoast_head_json":{"title":"About Us | InHunt Group - Largest Headhunting Company in Finland","description":"Executive Search, Headhunting, Direct Search and Recruitment services in Finland. InHunt Group has eight (8) offices in different locations in Finland.","robots":{"index":"index","follow":"follow","max-snippet":"max-snippet:-1","max-image-preview":"max-image-preview:large","max-video-preview":"max-video-preview:-1"},"canonical":"https:\/\/inhunt.fi\/en\/about-us\/","og_locale":"en_US","og_type":"article","og_title":"About Us | InHunt Group - Largest Headhunting Company in Finland","og_description":"Executive Search, Headhunting, Direct Search and Recruitment services in Finland. InHunt Group has eight (8) offices in different locations in Finland.","og_url":"https:\/\/inhunt.fi\/en\/about-us\/","og_site_name":"InHunt Group Oy \u2013 Suorahaku, rekrytointi, uudelleensijoitus ja testaus","article_publisher":"https:\/\/www.facebook.com\/InHuntGroup","article_modified_time":"2025-12-04T06:05:49+00:00","og_image":[{"width":1200,"height":630,"url":"https:\/\/inhunt.fi\/wp-content\/uploads\/2022\/07\/InHuntGroup_paakuva_1200x630px.jpg","type":"image\/jpeg"}],"twitter_card":"summary_large_image","twitter_site":"@InHuntGroup","twitter_misc":{"Est. reading time":"1 minute"},"schema":{"@context":"https:\/\/schema.org","@graph":[{"@type":"WebPage","@id":"https:\/\/inhunt.fi\/en\/about-us\/","url":"https:\/\/inhunt.fi\/en\/about-us\/","name":"About Us | InHunt Group - Largest Headhunting Company in Finland","isPartOf":{"@id":"https:\/\/inhunt.fi\/en\/#website"},"primaryImageOfPage":{"@id":"https:\/\/inhunt.fi\/en\/about-us\/#primaryimage"},"image":{"@id":"https:\/\/inhunt.fi\/en\/about-us\/#primaryimage"},"thumbnailUrl":"https:\/\/inhunt.fi\/wp-content\/uploads\/2022\/07\/InHuntGroup_paakuva_1200x630px.jpg","datePublished":"2017-02-05T08:57:32+00:00","dateModified":"2025-12-04T06:05:49+00:00","description":"Executive Search, Headhunting, Direct Search and Recruitment services in Finland. InHunt Group has eight (8) offices in different locations in Finland.","breadcrumb":{"@id":"https:\/\/inhunt.fi\/en\/about-us\/#breadcrumb"},"inLanguage":"en-US","potentialAction":[{"@type":"ReadAction","target":["https:\/\/inhunt.fi\/en\/about-us\/"]}]},{"@type":"ImageObject","inLanguage":"en-US","@id":"https:\/\/inhunt.fi\/en\/about-us\/#primaryimage","url":"https:\/\/inhunt.fi\/wp-content\/uploads\/2022\/07\/InHuntGroup_paakuva_1200x630px.jpg","contentUrl":"https:\/\/inhunt.fi\/wp-content\/uploads\/2022\/07\/InHuntGroup_paakuva_1200x630px.jpg","width":1200,"height":630,"caption":"InHunt Group Finland | Headhunting, Executive Search, Recruiting"},{"@type":"BreadcrumbList","@id":"https:\/\/inhunt.fi\/en\/about-us\/#breadcrumb","itemListElement":[{"@type":"ListItem","position":1,"name":"Home","item":"https:\/\/inhunt.fi\/"},{"@type":"ListItem","position":2,"name":"About Us"}]},{"@type":"WebSite","@id":"https:\/\/inhunt.fi\/en\/#website","url":"https:\/\/inhunt.fi\/en\/","name":"InHunt Group Oy \u2013 Suorahaku, rekrytointi, uudelleensijoitus ja testaus","description":"","publisher":{"@id":"https:\/\/inhunt.fi\/en\/#organization"},"inLanguage":"en-US"},{"@type":"Organization","@id":"https:\/\/inhunt.fi\/en\/#organization","name":"InHunt Group","url":"https:\/\/inhunt.fi\/en\/","logo":{"@type":"ImageObject","inLanguage":"en-US","@id":"https:\/\/inhunt.fi\/en\/#\/schema\/logo\/image\/","url":"https:\/\/inhunt.fi\/wp-content\/uploads\/2022\/05\/InHunt-Group-kotkalogo.jpg","contentUrl":"https:\/\/inhunt.fi\/wp-content\/uploads\/2022\/05\/InHunt-Group-kotkalogo.jpg","width":800,"height":566,"caption":"InHunt Group"},"image":{"@id":"https:\/\/inhunt.fi\/en\/#\/schema\/logo\/image\/"},"sameAs":["https:\/\/www.facebook.com\/InHuntGroup","https:\/\/x.com\/InHuntGroup","https:\/\/www.instagram.com\/inhuntgroup\/","https:\/\/www.linkedin.com\/company\/inhunt-group-oy\/","https:\/\/www.youtube.com\/channel\/UCT9nZEulrNpPZ9lrOvKMEBg"]}]}},"_links":{"self":[{"href":"https:\/\/inhunt.fi\/en\/wp-json\/wp\/v2\/pages\/2851","targetHints":{"allow":["GET"]}}],"collection":[{"href":"https:\/\/inhunt.fi\/en\/wp-json\/wp\/v2\/pages"}],"about":[{"href":"https:\/\/inhunt.fi\/en\/wp-json\/wp\/v2\/types\/page"}],"author":[{"embeddable":true,"href":"https:\/\/inhunt.fi\/en\/wp-json\/wp\/v2\/users\/3"}],"replies":[{"embeddable":true,"href":"https:\/\/inhunt.fi\/en\/wp-json\/wp\/v2\/comments?post=2851"}],"version-history":[{"count":21,"href":"https:\/\/inhunt.fi\/en\/wp-json\/wp\/v2\/pages\/2851\/revisions"}],"predecessor-version":[{"id":126427,"href":"https:\/\/inhunt.fi\/en\/wp-json\/wp\/v2\/pages\/2851\/revisions\/126427"}],"wp:featuredmedia":[{"embeddable":true,"href":"https:\/\/inhunt.fi\/en\/wp-json\/wp\/v2\/media\/96530"}],"wp:attachment":[{"href":"https:\/\/inhunt.fi\/en\/wp-json\/wp\/v2\/media?parent=2851"}],"curies":[{"name":"wp","href":"https:\/\/api.w.org\/{rel}","templated":true}]}}